{"id":70,"date":"2024-12-29T03:42:31","date_gmt":"2024-12-29T02:42:31","guid":{"rendered":"https:\/\/luminvolt.com\/?page_id=70"},"modified":"2026-02-25T09:28:21","modified_gmt":"2026-02-25T08:28:21","slug":"voltpack","status":"publish","type":"page","link":"https:\/\/luminvolt.com\/fr\/voltpack\/","title":{"rendered":"VoltPack"},"content":{"rendered":"<section class=\"voltpack-ecosystem\">\n\n    <!-- NEW: Hero Section -->\n    <div class=\"voltpack-hero\">\n        <div class=\"hero-content\">\n            <h1>VoltPack<\/h1>\n            <p>Syst\u00e8me de stockage d'\u00e9nergie de grande contenance refroidi par liquide<\/p>\n        <\/div>\n    <\/div>\n\n    <div class=\"voltpack-row\">\n        <div class=\"col-image\">\n            <figure>\n                <img src=\"https:\/\/luminvolt.com\/wp-content\/uploads\/2024\/12\/Large-Energy-Storage-System.webp\"\n                    alt=\"Grand Syst\u00e8me de Stockage d&#039;\u00c9nergie dans Conteneur\" loading=\"eager\" decoding=\"async\" \/>\n            <\/figure>\n        <\/div>\n        <div class=\"col-text\">\n            <h2><strong>Grand Syst\u00e8me de Stockage d'\u00c9nergie dans Conteneur<\/strong><\/h2>\n            <p>Le Voltpack BESS utilise des technologies avanc\u00e9es <strong>LFP (Phosphate de lithium-tungst\u00e8ne)<\/strong> cellule chimique avec une architecture \u00e0 faible valeur calorifique brevet\u00e9e de 12 patents. Dot\u00e9e de nos caissons DC\/AC innovants et d'un syst\u00e8me de protection automatique contre l'incendie, elle garantit une s\u00e9curit\u00e9 sup\u00e9rieure v\u00e9rifi\u00e9e par <strong>UL 9540A<\/strong>\n                test.<\/p>\n            <p>Son design de cellule cylindrique avec bornes polaires compl\u00e8tes am\u00e9liore l'efficacit\u00e9 de 3%, tandis que nos n\u0153uds optimis\u00e9s et les technologies les plus avanc\u00e9es <strong>refroidissement liquide<\/strong> syst\u00e8me de gestion thermique qui am\u00e9liore l'efficacit\u00e9 globale du cycle complet (RTE) \u00e0 plus de 92%, surpassant la moyenne de l'industrie. Une conception sans soudure assure une dur\u00e9e de vie de 10 \u00e0 20 ans et r\u00e9duit consid\u00e9rablement les co\u00fbts d'exploitation et de maintenance.<\/p>\n        <\/div>\n    <\/div>\n\n    <div class=\"voltpack-row is-reverse\">\n        <div class=\"col-text\">\n            <h2><strong>Installation facile et rapide<\/strong><\/h2>\n            <p>Chaque unit\u00e9 Voltpack est livr\u00e9e int\u00e9gralement et mont\u00e9e en usine, pr\u00eate pour une exploitation imm\u00e9diate \u201cplug-and-play\u201d.\n                En supprimant le couloir central, la capacit\u00e9 atteint 2,2 MWh dans un emplacement standard de 20 pieds, en maximisant\n                la densit\u00e9 \u00e9nerg\u00e9tique tout en minimisant le temps de d\u00e9ploiement. Le syst\u00e8me n\u00e9cessite un entretien sur site\n                minimal et est soutenu par une garantie robuste de 20 ans maximum.<\/p>\n        <\/div>\n        <div class=\"col-image\">\n            <video id=\"player1\" class=\"plyr-video\" autoplay loop muted playsinline preload=\"metadata\">\n                <source src=\"https:\/\/video.525.hk\/Easy%20Installation%20.mp4\" type=\"video\/mp4\" \/>\n                Votre navigateur ne prend pas en charge la balise vid\u00e9o HTML5.\n            <\/video>\n        <\/div>\n    <\/div>\n\n    <div class=\"voltpack-row\">\n        <div class=\"col-image\">\n            <figure>\n                <img src=\"https:\/\/luminvolt.com\/wp-content\/uploads\/2024\/12\/Fully-Integrated-1024x768.webp\"\n                    alt=\"Architecture Modulaire Int\u00e9gr\u00e9e Compl\u00e8te\" loading=\"lazy\" decoding=\"async\" \/>\n            <\/figure>\n        <\/div>\n        <div class=\"col-text\">\n            <h2><strong>Architecture Modulaire Int\u00e9gr\u00e9e Compl\u00e8te<\/strong><\/h2>\n            <p>Voltpack propose une puissance et une fiabilit\u00e9 sup\u00e9rieures \u00e0 un co\u00fbt de cycle de vie inf\u00e9rieur. Chaque module de batterie est \u00e9quip\u00e9\n                d'inverseurs d\u00e9di\u00e9s (PCS), ce qui am\u00e9liore l'efficacit\u00e9 du niveau syst\u00e8me et isole les pannes potentielles\n                pour garantir une s\u00e9curit\u00e9 accrue. Gr\u00e2ce \u00e0 des mises \u00e0 jour logicielles sans fil (OTA) sans interruption,\n                <strong>Voltpack<\/strong> am\u00e9liore constamment, offrant une valeur commerciale encore plus grande au fil du temps.\n            <\/p>\n        <\/div>\n    <\/div>\n\n    <div class=\"voltpack-row is-reverse\">\n        <div class=\"col-text\">\n            <h2><strong>S\u00e9curit\u00e9 par conception : Protection cellulaire \u00e0 syst\u00e8me<\/strong><\/h2>\n            <p>Voltpack se distingue comme l'une des solutions de stockage d'\u00e9nergie \u00e0 l'\u00e9chelle de l'utility les plus s\u00e9curis\u00e9es disponibles. Elle subit des tests de feu rigoureux et est \u00e9quip\u00e9e de syst\u00e8mes de s\u00e9curit\u00e9 avanc\u00e9s \u00e0 plusieurs niveaux, y compris la d\u00e9tection de gaz combustibles, l'extraction active de fum\u00e9e et l'extinction cibl\u00e9e des feux. Associatez cela avec une surveillance \u00e0 distance 24\/7 et vous b\u00e9n\u00e9ficiez d'une tranquillit\u00e9 d'esprit absolue.<\/p>\n        <\/div>\n        <div class=\"col-image\">\n            <video id=\"player2\" class=\"plyr-video\" autoplay loop muted playsinline preload=\"metadata\">\n                <source src=\"https:\/\/video.525.hk\/Safe%20by%20Design.mp4\" type=\"video\/mp4\" \/>\n                Votre navigateur ne prend pas en charge la balise vid\u00e9o HTML5.\n            <\/video>\n        <\/div>\n    <\/div>\n\n    <div class=\"voltpack-row\">\n        <div class=\"col-image\">\n            <figure>\n                <img src=\"https:\/\/luminvolt.com\/wp-content\/uploads\/2024\/12\/\u5927\u529f\u7387\uff0c\u5c0f\u78b3\u8db3\u8ff9-\u5317\u6b27\u52a8\u529b\u7535\u6c60\u516c\u53f8-Big-on-power-small-on-carbon-footprint-N.webp\"\n                    alt=\"Int\u00e9gration EMS Intelligente\" loading=\"lazy\" decoding=\"async\" \/>\n            <\/figure>\n        <\/div>\n        <div class=\"col-text\">\n            <h2><strong>Int\u00e9gration EMS Intelligente<\/strong><\/h2>\n            <p>Un syst\u00e8me de stockage d'\u00e9nergie \u00e0 haute performance con\u00e7u pour soutenir les r\u00e9seaux \u00e9lectriques d\u00e9carbon\u00e9s. B\u00e9n\u00e9ficiez de notre syst\u00e8me de gestion de l'\u00e9nergie (EMS) propri\u00e9taire pour une application dynamique empil\u00e9e, une dispatche en temps r\u00e9el et une mise aux ench\u00e8res automatis\u00e9e des march\u00e9s de r\u00e9seau, assurant un retour sur investissement maximal pour les profils de services publics et C&amp;I.<\/p>\n        <\/div>\n    <\/div>\n\n    <!-- NEW: Applications Section -->\n    <div class=\"voltpack-applications\">\n        <h2><strong>Applications polyvalentes \u00e0 l'\u00e9chelle du r\u00e9seau<\/strong><\/h2>\n        <div class=\"app-grid\">\n            <div class=\"app-card\">\n                <h3>Int\u00e9gration Renouvelable<\/h3>\n                <p>Stocker l'exc\u00e8s de production d'\u00e9nergie solaire et \u00e9olienne. Distribuer de l'\u00e9nergie propre et d\u00e9ployable exactement au moment o\u00f9 la demande atteint son sommet.<\/p>\n            <\/div>\n            <div class=\"app-card\">\n                <h3>R\u00e9duction des pointes d'\u00e9nergie<\/h3>\n                <p>R\u00e9duire les co\u00fbteuses facturations de demande pour les \u00e9tablissements C&amp;I en d\u00e9chargeant l'\u00e9nergie stock\u00e9e pendant les p\u00e9riodes de tarification de pointe.<\/p>\n            <\/div>\n            <div class=\"app-card\">\n                <h3>R\u00e9gulation de fr\u00e9quence<\/h3>\n                <p>Fournir une injection ou une absorption de puissance en dessous d'une seconde pour stabiliser les fluctuations de fr\u00e9quence et de tension du r\u00e9seau.<\/p>\n            <\/div>\n            <div class=\"app-card\">\n                <h3>Microgrids et r\u00e9silience<\/h3>\n                <p>Assurer un approvisionnement en \u00e9nergie ininterrompu pour les communaut\u00e9s \u00e9loign\u00e9es ou les installations critiques\n                    pendant les pannes.<\/p>\n            <\/div>\n        <\/div>\n    <\/div>\n\n    <!-- NEW: Specifications Table Section -->\n    <div class=\"voltpack-specs\">\n        <h2><strong>Sp\u00e9cifications Techniques<\/strong><\/h2>\n        <div class=\"table-responsive\">\n            <table>\n                <tbody>\n                    <tr>\n                        <th>\u00c9nergie nominale du syst\u00e8me<\/th>\n                        <td>Jusqu'\u00e0 2200 kWh \/ 2,2 MWh par bo\u00eetier<\/td>\n                    <\/tr>\n                    <tr>\n                        <th>Chimie de la batterie<\/th>\n                        <td>Phosphate de lithium ferrique (LFP)<\/td>\n                    <\/tr>\n                    <tr>\n                        <th>Efficiacit\u00e9 de cycle complet (ECC)<\/th>\n                        <td>> 92%<\/td>\n                    <\/tr>\n                    <tr>\n                        <th>Gestion thermique<\/th>\n                        <td>Refroidissement liquide intelligent<\/td>\n                    <\/tr>\n                    <tr>\n                        <th>Enceinte \/ Surface au sol<\/th>\n                        <td>Conteneur standard de 20 pieds<\/td>\n                    <\/tr>\n                    <tr>\n                        <th>Vie du cycle<\/th>\n                        <td>&gt; 6 000 cycles @ 100% DoD<\/td>\n                    <\/tr>\n                    <tr>\n                        <th>Protection contre l'intrusion<\/th>\n                        <td>Composants IP54 \/ IP66<\/td>\n                    <\/tr>\n                    <tr>\n                        <th>Certifications<\/th>\n                        <td>UL 9540A, UL 1973, IEC 62619, CE<\/td>\n                    <\/tr>\n                <\/tbody>\n            <\/table>\n        <\/div>\n    <\/div>\n\n<\/section>\n\n<style>\n    .voltpack-ecosystem {\n        --ink: #102338;\n        --muted: #4e6173;\n        --line: #d8e0e7;\n        --surface: #ffffff;\n        --surface-soft: #f5f8fb;\n        --accent: #0f4c81;\n        --hero-bg-top: #f0f4f8;\n        --hero-bg-bottom: #ffffff;\n        --hero-text-top: #102338;\n        --hero-text-bottom: #3b4d61;\n        \/* Start with 0 padding at the top, keep side and bottom padding *\/\n        padding: 0 clamp(16px, 2vw, 24px) clamp(48px, 7vw, 88px);\n        max-width: 1200px;\n        margin: 0 auto;\n        color: var(--ink);\n        font-family: system-ui, -apple-system, \"Segoe UI\", sans-serif;\n    }\n\n    \/* Hero Section *\/\n    .voltpack-hero {\n        position: relative;\n        text-align: center;\n        padding: clamp(80px, 10vw, 140px) 20px;\n        margin-bottom: clamp(40px, 6vw, 64px);\n    }\n\n    .voltpack-hero::before {\n        content: \"\";\n        position: absolute;\n        top: 0;\n        bottom: 0;\n        left: 50%;\n        transform: translateX(-50%);\n        width: 100vw;\n        background: linear-gradient(180deg, var(--hero-bg-top) 0%, var(--hero-bg-bottom) 100%);\n        z-index: -1;\n    }\n\n    .voltpack-hero h1 {\n        position: relative;\n        margin: 0 0 16px;\n        font-size: clamp(3.5rem, 8vw, 6rem);\n        font-weight: 800;\n        line-height: 1.1;\n        letter-spacing: -0.03em;\n        background: linear-gradient(180deg, var(--hero-text-top) 0%, var(--hero-text-bottom) 100%);\n        -webkit-background-clip: text;\n        background-clip: text;\n        -webkit-text-fill-color: transparent;\n    }\n\n    .voltpack-hero p {\n        position: relative;\n        margin: 0 auto;\n        font-size: clamp(1.1rem, 2vw, 1.4rem);\n        color: var(--muted);\n        max-width: 800px;\n        line-height: 1.6;\n    }\n\n    .voltpack-row {\n        display: grid;\n        grid-template-columns: minmax(0, 1.2fr) minmax(0, 1fr);\n        align-items: stretch;\n        gap: clamp(20px, 3vw, 40px);\n        margin-bottom: clamp(24px, 4vw, 56px);\n        padding: clamp(16px, 2vw, 22px);\n        border: 1px solid var(--line);\n        border-radius: 10px;\n        background: linear-gradient(120deg, rgba(235, 244, 250, 0.75), rgba(255, 255, 255, 0)) var(--surface);\n        box-shadow: 0 14px 30px -28px rgba(16, 35, 56, 0.6);\n    }\n\n    .voltpack-row.is-reverse .col-text {\n        order: 1;\n    }\n\n    .voltpack-row.is-reverse .col-image {\n        order: 2;\n    }\n\n    .col-image {\n        min-width: 0;\n    }\n\n    .col-text {\n        min-width: 0;\n        align-self: center;\n    }\n\n    .col-text h2,\n    .voltpack-applications h2,\n    .voltpack-specs h2 {\n        margin: 0 0 14px;\n        font-size: clamp(1.35rem, 2.2vw, 2rem);\n        line-height: 1.2;\n        letter-spacing: -0.02em;\n        text-wrap: balance;\n    }\n\n    .voltpack-applications h2,\n    .voltpack-specs h2 {\n        text-align: center;\n        margin-bottom: clamp(24px, 4vw, 40px);\n    }\n\n    .col-text p {\n        line-height: 1.72;\n        margin: 0 0 1em;\n        color: var(--muted);\n        font-size: clamp(0.98rem, 1.25vw, 1.08rem);\n    }\n\n    .col-text p:last-child {\n        margin-bottom: 0;\n    }\n\n    .col-text strong {\n        color: var(--ink);\n    }\n\n    .col-image figure {\n        margin: 0;\n        height: 100%;\n    }\n\n    .col-image img,\n    .col-image video {\n        width: 100%;\n        height: 100%;\n        display: block;\n        min-height: 240px;\n        border-radius: 10px;\n        aspect-ratio: 4 \/ 3;\n        object-fit: cover;\n        background: var(--surface-soft);\n    }\n\n    .plyr-video {\n        width: 100%;\n        max-width: 100%;\n        overflow: hidden;\n        border-radius: 10px;\n    }\n\n    \/* Applications Section *\/\n    .voltpack-applications {\n        margin-top: clamp(48px, 6vw, 80px);\n    }\n\n    .voltpack-applications .app-grid {\n        display: grid;\n        grid-template-columns: repeat(auto-fit, minmax(240px, 1fr));\n        gap: 24px;\n    }\n\n    .voltpack-applications .app-card {\n        background: var(--surface-soft);\n        border: 1px solid var(--line);\n        padding: 24px;\n        border-radius: 10px;\n        transition: transform 0.3s ease, box-shadow 0.3s ease;\n    }\n\n    .voltpack-applications .app-card:hover {\n        transform: translateY(-4px);\n        box-shadow: 0 10px 24px -12px rgba(16, 35, 56, 0.3);\n    }\n\n    .voltpack-applications .app-card h3 {\n        margin: 0 0 12px;\n        font-size: 1.15rem;\n        color: var(--accent);\n    }\n\n    .voltpack-applications .app-card p {\n        margin: 0;\n        font-size: 0.95rem;\n        line-height: 1.6;\n        color: var(--muted);\n    }\n\n    \/* Specs Section *\/\n    .voltpack-specs {\n        margin-top: clamp(48px, 6vw, 80px);\n    }\n\n    .table-responsive {\n        overflow-x: auto;\n        border-radius: 10px;\n        border: 1px solid var(--line);\n    }\n\n    .voltpack-specs table {\n        width: 100%;\n        border-collapse: collapse;\n        text-align: left;\n        background: var(--surface);\n    }\n\n    .voltpack-specs th,\n    .voltpack-specs td {\n        padding: 16px 20px;\n        border-bottom: 1px solid var(--line);\n        font-size: clamp(0.95rem, 1.2vw, 1.05rem);\n    }\n\n    .voltpack-specs tr:last-child th,\n    .voltpack-specs tr:last-child td {\n        border-bottom: none;\n    }\n\n    .voltpack-specs th {\n        width: 40%;\n        font-weight: 600;\n        color: var(--ink);\n        background: var(--surface-soft);\n    }\n\n    .voltpack-specs td {\n        color: var(--muted);\n    }\n\n\n    @media (max-width: 960px) {\n        .voltpack-row {\n            grid-template-columns: 1fr;\n            gap: 18px;\n        }\n\n        .voltpack-row.is-reverse .col-text,\n        .voltpack-row.is-reverse .col-image {\n            order: initial;\n        }\n    }\n\n    @media (max-width: 640px) {\n        .voltpack-ecosystem {\n            padding-left: 10px;\n            padding-right: 10px;\n        }\n\n        .voltpack-row {\n            border-radius: 10px;\n            padding: 14px;\n        }\n\n        .col-image img,\n        .col-image video {\n            min-height: 200px;\n        }\n\n        .col-text h2 {\n            font-size: 1.3rem;\n        }\n\n        .voltpack-specs th,\n        .voltpack-specs td {\n            padding: 12px;\n            font-size: 0.9rem;\n        }\n\n        .voltpack-specs th {\n            width: 50%;\n        }\n    }\n<\/style>\n\n<script>\n    document.addEventListener('DOMContentLoaded', () => {\n        if (typeof Plyr !== 'undefined') {\n            const player1 = new Plyr('#player1', { controls: [] });\n            player1.play().catch(error => console.error('\u81ea\u52a8\u64ad\u653e\u5931\u8d25:', error));\n\n            const player2 = new Plyr('#player2', { controls: [] });\n            player2.play().catch(error => console.error('\u81ea\u52a8\u64ad\u653e\u5931\u8d25:', error));\n        }\n    });\n<\/script>","protected":false},"excerpt":{"rendered":"<p>Syst\u00e8me de stockage d'\u00e9nergie pour conteneurs grand volume refroidi par liquide VoltPack, Syst\u00e8me de stockage d'\u00e9nergie pour conteneurs grand volume Le syst\u00e8me de stockage d'\u00e9nergie VoltPack BESS utilise une chimie de cellules LFP (Phosphate de lithium) avanc\u00e9e avec une architecture de 12 brevets \u00e0 faible valeur calorifique. Il est \u00e9quip\u00e9 de nos cabinets innovants DC\/AC et d'un syst\u00e8me de protection active contre l'incendie automatis\u00e9, garantissant une s\u00e9curit\u00e9 sup\u00e9rieure v\u00e9rifi\u00e9e par les tests UL 9540A. Son design de cellules cylindriques ... <a title=\"VoltPack\" class=\"read-more\" href=\"https:\/\/luminvolt.com\/fr\/voltpack\/\" aria-label=\"En savoir plus sur VoltPack\">En savoir plus<\/a><\/p>","protected":false},"author":1,"featured_media":0,"parent":0,"menu_order":0,"comment_status":"closed","ping_status":"closed","template":"","meta":{"footnotes":""},"class_list":["post-70","page","type-page","status-publish"],"yoast_head":"<!-- This site is optimized with the Yoast SEO Premium plugin v26.3 (Yoast SEO v27.4) - https:\/\/yoast.com\/product\/yoast-seo-premium-wordpress\/ -->\n<title>VoltPack - LuminVolt<\/title>\n<meta name=\"description\" content=\"Upgrade grid reliability with VoltPack Large Container Energy Storage Systems. 2.2MWh LFP battery, robust liquid cooling, and intelligent EMS integration.\" \/>\n<meta name=\"robots\" content=\"index, follow, max-snippet:-1, max-image-preview:large, max-video-preview:-1\" \/>\n<link rel=\"canonical\" href=\"https:\/\/luminvolt.com\/fr\/voltpack\/\" \/>\n<meta property=\"og:locale\" content=\"fr_FR\" \/>\n<meta property=\"og:type\" content=\"article\" \/>\n<meta property=\"og:title\" content=\"VoltPack\" \/>\n<meta property=\"og:description\" content=\"Upgrade grid reliability with VoltPack Large Container Energy Storage Systems. 2.2MWh LFP battery, robust liquid cooling, and intelligent EMS integration.\" \/>\n<meta property=\"og:url\" content=\"https:\/\/luminvolt.com\/fr\/voltpack\/\" \/>\n<meta property=\"og:site_name\" content=\"LuminVolt\" \/>\n<meta property=\"article:modified_time\" content=\"2026-02-25T08:28:21+00:00\" \/>\n<meta property=\"og:image\" content=\"https:\/\/luminvolt.com\/wp-content\/uploads\/2024\/12\/Large-Energy-Storage-System.webp\" \/>\n<meta name=\"twitter:card\" content=\"summary_large_image\" \/>\n<meta name=\"twitter:label1\" content=\"Dur\u00e9e de lecture estim\u00e9e\" \/>\n\t<meta name=\"twitter:data1\" content=\"3 minutes\" \/>\n<script type=\"application\/ld+json\" class=\"yoast-schema-graph\">{\"@context\":\"https:\\\/\\\/schema.org\",\"@graph\":[{\"@type\":\"WebPage\",\"@id\":\"https:\\\/\\\/luminvolt.com\\\/voltpack\\\/\",\"url\":\"https:\\\/\\\/luminvolt.com\\\/voltpack\\\/\",\"name\":\"VoltPack - LuminVolt\",\"isPartOf\":{\"@id\":\"https:\\\/\\\/luminvolt.com\\\/#website\"},\"primaryImageOfPage\":{\"@id\":\"https:\\\/\\\/luminvolt.com\\\/voltpack\\\/#primaryimage\"},\"image\":{\"@id\":\"https:\\\/\\\/luminvolt.com\\\/voltpack\\\/#primaryimage\"},\"thumbnailUrl\":\"https:\\\/\\\/luminvolt.com\\\/wp-content\\\/uploads\\\/2024\\\/12\\\/Large-Energy-Storage-System.webp\",\"datePublished\":\"2024-12-29T02:42:31+00:00\",\"dateModified\":\"2026-02-25T08:28:21+00:00\",\"description\":\"Upgrade grid reliability with VoltPack Large Container Energy Storage Systems. 2.2MWh LFP battery, robust liquid cooling, and intelligent EMS integration.\",\"breadcrumb\":{\"@id\":\"https:\\\/\\\/luminvolt.com\\\/voltpack\\\/#breadcrumb\"},\"inLanguage\":\"fr-FR\",\"potentialAction\":[{\"@type\":\"ReadAction\",\"target\":[\"https:\\\/\\\/luminvolt.com\\\/voltpack\\\/\"]}]},{\"@type\":\"ImageObject\",\"inLanguage\":\"fr-FR\",\"@id\":\"https:\\\/\\\/luminvolt.com\\\/voltpack\\\/#primaryimage\",\"url\":\"https:\\\/\\\/luminvolt.com\\\/wp-content\\\/uploads\\\/2024\\\/12\\\/Large-Energy-Storage-System.webp\",\"contentUrl\":\"https:\\\/\\\/luminvolt.com\\\/wp-content\\\/uploads\\\/2024\\\/12\\\/Large-Energy-Storage-System.webp\"},{\"@type\":\"BreadcrumbList\",\"@id\":\"https:\\\/\\\/luminvolt.com\\\/voltpack\\\/#breadcrumb\",\"itemListElement\":[{\"@type\":\"ListItem\",\"position\":1,\"name\":\"Home\",\"item\":\"https:\\\/\\\/luminvolt.com\\\/\"},{\"@type\":\"ListItem\",\"position\":2,\"name\":\"VoltPack\"}]},{\"@type\":\"WebSite\",\"@id\":\"https:\\\/\\\/luminvolt.com\\\/#website\",\"url\":\"https:\\\/\\\/luminvolt.com\\\/\",\"name\":\"LuminVolt\",\"description\":\"Your Partner in Advanced Solar Mounting System&amp; Energy Storage\",\"publisher\":{\"@id\":\"https:\\\/\\\/luminvolt.com\\\/#organization\"},\"potentialAction\":[{\"@type\":\"SearchAction\",\"target\":{\"@type\":\"EntryPoint\",\"urlTemplate\":\"https:\\\/\\\/luminvolt.com\\\/?s={search_term_string}\"},\"query-input\":{\"@type\":\"PropertyValueSpecification\",\"valueRequired\":true,\"valueName\":\"search_term_string\"}}],\"inLanguage\":\"fr-FR\"},{\"@type\":\"Organization\",\"@id\":\"https:\\\/\\\/luminvolt.com\\\/#organization\",\"name\":\"LuminVolt\",\"url\":\"https:\\\/\\\/luminvolt.com\\\/\",\"logo\":{\"@type\":\"ImageObject\",\"inLanguage\":\"fr-FR\",\"@id\":\"https:\\\/\\\/luminvolt.com\\\/#\\\/schema\\\/logo\\\/image\\\/\",\"url\":\"https:\\\/\\\/luminvolt.com\\\/wp-content\\\/uploads\\\/2024\\\/12\\\/LuminVolt-02.webp\",\"contentUrl\":\"https:\\\/\\\/luminvolt.com\\\/wp-content\\\/uploads\\\/2024\\\/12\\\/LuminVolt-02.webp\",\"width\":512,\"height\":512,\"caption\":\"LuminVolt\"},\"image\":{\"@id\":\"https:\\\/\\\/luminvolt.com\\\/#\\\/schema\\\/logo\\\/image\\\/\"}}]}<\/script>\n<!-- \/ Yoast SEO Premium plugin. -->","yoast_head_json":{"title":"VoltPack - LuminVolt","description":"Am\u00e9liorez la fiabilit\u00e9 du r\u00e9seau avec les syst\u00e8mes de stockage d'\u00e9nergie de grandes capacit\u00e9s VoltPack. Batterie LFP de 2,2 MWh, refroidissement liquide robuste et int\u00e9gration intelligente de l'EMS.","robots":{"index":"index","follow":"follow","max-snippet":"max-snippet:-1","max-image-preview":"max-image-preview:large","max-video-preview":"max-video-preview:-1"},"canonical":"https:\/\/luminvolt.com\/fr\/voltpack\/","og_locale":"fr_FR","og_type":"article","og_title":"VoltPack","og_description":"Upgrade grid reliability with VoltPack Large Container Energy Storage Systems. 2.2MWh LFP battery, robust liquid cooling, and intelligent EMS integration.","og_url":"https:\/\/luminvolt.com\/fr\/voltpack\/","og_site_name":"LuminVolt","article_modified_time":"2026-02-25T08:28:21+00:00","og_image":[{"url":"https:\/\/luminvolt.com\/wp-content\/uploads\/2024\/12\/Large-Energy-Storage-System.webp","type":"","width":"","height":""}],"twitter_card":"summary_large_image","twitter_misc":{"Dur\u00e9e de lecture estim\u00e9e":"3 minutes"},"schema":{"@context":"https:\/\/schema.org","@graph":[{"@type":"WebPage","@id":"https:\/\/luminvolt.com\/voltpack\/","url":"https:\/\/luminvolt.com\/voltpack\/","name":"VoltPack - LuminVolt","isPartOf":{"@id":"https:\/\/luminvolt.com\/#website"},"primaryImageOfPage":{"@id":"https:\/\/luminvolt.com\/voltpack\/#primaryimage"},"image":{"@id":"https:\/\/luminvolt.com\/voltpack\/#primaryimage"},"thumbnailUrl":"https:\/\/luminvolt.com\/wp-content\/uploads\/2024\/12\/Large-Energy-Storage-System.webp","datePublished":"2024-12-29T02:42:31+00:00","dateModified":"2026-02-25T08:28:21+00:00","description":"Am\u00e9liorez la fiabilit\u00e9 du r\u00e9seau avec les syst\u00e8mes de stockage d'\u00e9nergie de grandes capacit\u00e9s VoltPack. Batterie LFP de 2,2 MWh, refroidissement liquide robuste et int\u00e9gration intelligente de l'EMS.","breadcrumb":{"@id":"https:\/\/luminvolt.com\/voltpack\/#breadcrumb"},"inLanguage":"fr-FR","potentialAction":[{"@type":"ReadAction","target":["https:\/\/luminvolt.com\/voltpack\/"]}]},{"@type":"ImageObject","inLanguage":"fr-FR","@id":"https:\/\/luminvolt.com\/voltpack\/#primaryimage","url":"https:\/\/luminvolt.com\/wp-content\/uploads\/2024\/12\/Large-Energy-Storage-System.webp","contentUrl":"https:\/\/luminvolt.com\/wp-content\/uploads\/2024\/12\/Large-Energy-Storage-System.webp"},{"@type":"BreadcrumbList","@id":"https:\/\/luminvolt.com\/voltpack\/#breadcrumb","itemListElement":[{"@type":"ListItem","position":1,"name":"Home","item":"https:\/\/luminvolt.com\/"},{"@type":"ListItem","position":2,"name":"VoltPack"}]},{"@type":"WebSite","@id":"https:\/\/luminvolt.com\/#website","url":"https:\/\/luminvolt.com\/","name":"LuminVolt","description":"Votre Partenaire dans les Syst\u00e8mes d'Installation Solaires Avanc\u00e9s et le Stockage d'\u00c9nergie","publisher":{"@id":"https:\/\/luminvolt.com\/#organization"},"potentialAction":[{"@type":"SearchAction","target":{"@type":"EntryPoint","urlTemplate":"https:\/\/luminvolt.com\/?s={search_term_string}"},"query-input":{"@type":"PropertyValueSpecification","valueRequired":true,"valueName":"search_term_string"}}],"inLanguage":"fr-FR"},{"@type":"Organization","@id":"https:\/\/luminvolt.com\/#organization","name":"LuminVolt","url":"https:\/\/luminvolt.com\/","logo":{"@type":"ImageObject","inLanguage":"fr-FR","@id":"https:\/\/luminvolt.com\/#\/schema\/logo\/image\/","url":"https:\/\/luminvolt.com\/wp-content\/uploads\/2024\/12\/LuminVolt-02.webp","contentUrl":"https:\/\/luminvolt.com\/wp-content\/uploads\/2024\/12\/LuminVolt-02.webp","width":512,"height":512,"caption":"LuminVolt"},"image":{"@id":"https:\/\/luminvolt.com\/#\/schema\/logo\/image\/"}}]}},"_links":{"self":[{"href":"https:\/\/luminvolt.com\/fr\/wp-json\/wp\/v2\/pages\/70","targetHints":{"allow":["GET"]}}],"collection":[{"href":"https:\/\/luminvolt.com\/fr\/wp-json\/wp\/v2\/pages"}],"about":[{"href":"https:\/\/luminvolt.com\/fr\/wp-json\/wp\/v2\/types\/page"}],"author":[{"embeddable":true,"href":"https:\/\/luminvolt.com\/fr\/wp-json\/wp\/v2\/users\/1"}],"replies":[{"embeddable":true,"href":"https:\/\/luminvolt.com\/fr\/wp-json\/wp\/v2\/comments?post=70"}],"version-history":[{"count":0,"href":"https:\/\/luminvolt.com\/fr\/wp-json\/wp\/v2\/pages\/70\/revisions"}],"wp:attachment":[{"href":"https:\/\/luminvolt.com\/fr\/wp-json\/wp\/v2\/media?parent=70"}],"curies":[{"name":"Page d'accueil","href":"https:\/\/api.w.org\/{rel}","templated":true}]}}