{"id":70,"date":"2024-12-29T03:42:31","date_gmt":"2024-12-29T02:42:31","guid":{"rendered":"https:\/\/luminvolt.com\/?page_id=70"},"modified":"2026-02-25T09:28:21","modified_gmt":"2026-02-25T08:28:21","slug":"voltpack-luminvolt","status":"publish","type":"page","link":"https:\/\/luminvolt.com\/es\/voltpack-luminvolt\/","title":{"rendered":"VoltPack"},"content":{"rendered":"<section class=\"voltpack-ecosystem\">\n\n    <!-- NEW: Hero Section -->\n    <div class=\"voltpack-hero\">\n        <div class=\"hero-content\">\n            <h1>VoltPack<\/h1>\n            <p>Sistema de Almacenamiento de Energ\u00eda de Gran Contenedor Refrigerado por L\u00edquido<\/p>\n        <\/div>\n    <\/div>\n\n    <div class=\"voltpack-row\">\n        <div class=\"col-image\">\n            <figure>\n                <img src=\"https:\/\/luminvolt.com\/wp-content\/uploads\/2024\/12\/Large-Energy-Storage-System.webp\"\n                    alt=\"Gran Sistema de Almacenamiento de Energ\u00eda en Contenedor\" loading=\"eager\" decoding=\"async\" \/>\n            <\/figure>\n        <\/div>\n        <div class=\"col-text\">\n            <h2><strong>Gran Sistema de Almacenamiento de Energ\u00eda en Contenedor<\/strong><\/h2>\n            <p>El Voltpack BESS utiliza avanzada <strong>LFP (Fosfato de Litio y Hierro)<\/strong> qu\u00edmica celular con una\n                arquitectura de bajo valor cal\u00f3rico patentada con 12 patentes. Con nuestras cabinas innovadoras DC\/AC y un sistema de protecci\u00f3n\n                activa contra incendios automatizado, garantiza una seguridad superior verificada por <strong>UL 9540A<\/strong>\n                probando.<\/p>\n            <p>Su dise\u00f1o de celda cil\u00edndrica con bornes polares completos mejora la eficiencia en un 3%, mientras que nuestros nodos optimizados y de vanguardia <strong>refrigeraci\u00f3n l\u00edquida<\/strong> sistema de gesti\u00f3n t\u00e9rmica mejora la eficiencia total del ciclo\n                cerrado (RTE) a m\u00e1s de 92%, superando el promedio de la industria. Un dise\u00f1o sin soldaduras\n                garantiza una vida \u00fatil de 10-20 a\u00f1os y reduce significativamente los costos de O&amp;M.<\/p>\n        <\/div>\n    <\/div>\n\n    <div class=\"voltpack-row is-reverse\">\n        <div class=\"col-text\">\n            <h2><strong>Instalaci\u00f3n F\u00e1cil y R\u00e1pida<\/strong><\/h2>\n            <p>Each Voltpack unit comes factory-integrated and fully assembled, ready for immediate \u201cplug-and-play\u201d\n                operation. By removing the middle aisle, capacity reaches 2.2 MWh in a standard 20-foot footprint,\n                maximizing energy density while minimizing deployment time. The system requires minimal on-site\n                maintenance and is backed by a robust warranty of up to 20 years.<\/p>\n        <\/div>\n        <div class=\"col-image\">\n            <video id=\"player1\" class=\"plyr-video\" autoplay loop muted playsinline preload=\"metadata\">\n                <source src=\"https:\/\/video.525.hk\/Easy%20Installation%20.mp4\" type=\"video\/mp4\" \/>\n                Su navegador no admite la etiqueta de video HTML5.\n            <\/video>\n        <\/div>\n    <\/div>\n\n    <div class=\"voltpack-row\">\n        <div class=\"col-image\">\n            <figure>\n                <img src=\"https:\/\/luminvolt.com\/wp-content\/uploads\/2024\/12\/Fully-Integrated-1024x768.webp\"\n                    alt=\"Arquitectura Modular Integrada Completa\" loading=\"lazy\" decoding=\"async\" \/>\n            <\/figure>\n        <\/div>\n        <div class=\"col-text\">\n            <h2><strong>Arquitectura Modular Integrada Completa<\/strong><\/h2>\n            <p>Voltpack ofrece una potencia y fiabilidad superiores a un costo de vida m\u00e1s bajo. Cada m\u00f3dulo de bater\u00eda est\u00e1 equipado\n                con inversores dedicados (PCS), lo que mejora la eficiencia a nivel de sistema e isola posibles fallos para\n                asegurar una mayor seguridad. Gracias a las actualizaciones de software sin interrupci\u00f3n (OTA),\n                <strong>Voltpack<\/strong> mejora continuamente, ofreciendo un mayor valor comercial con el paso del tiempo.\n            <\/p>\n        <\/div>\n    <\/div>\n\n    <div class=\"voltpack-row is-reverse\">\n        <div class=\"col-text\">\n            <h2><strong>Seguro por Dise\u00f1o: Protecci\u00f3n de C\u00e9lula a Sistema<\/strong><\/h2>\n            <p>Voltpack se destaca como una de las soluciones de almacenamiento de bater\u00edas a escala de servicio p\u00fablico m\u00e1s seguras disponibles. Sufre pruebas de incendio rigurosas y est\u00e1 equipado con sistemas de seguridad avanzados de m\u00faltiples niveles, incluyendo detecci\u00f3n de gas combustible, extracci\u00f3n activa de humo y supresi\u00f3n de incendios dirigida. Combinado con monitoreo remoto las 24 horas del d\u00eda, 7 d\u00edas a la semana, te garantizamos una completa tranquilidad.<\/p>\n        <\/div>\n        <div class=\"col-image\">\n            <video id=\"player2\" class=\"plyr-video\" autoplay loop muted playsinline preload=\"metadata\">\n                <source src=\"https:\/\/video.525.hk\/Safe%20by%20Design.mp4\" type=\"video\/mp4\" \/>\n                Su navegador no admite la etiqueta de video HTML5.\n            <\/video>\n        <\/div>\n    <\/div>\n\n    <div class=\"voltpack-row\">\n        <div class=\"col-image\">\n            <figure>\n                <img src=\"https:\/\/luminvolt.com\/wp-content\/uploads\/2024\/12\/\u5927\u529f\u7387\uff0c\u5c0f\u78b3\u8db3\u8ff9-\u5317\u6b27\u52a8\u529b\u7535\u6c60\u516c\u53f8-Big-on-power-small-on-carbon-footprint-N.webp\"\n                    alt=\"Integraci\u00f3n EMS Inteligente\" loading=\"lazy\" decoding=\"async\" \/>\n            <\/figure>\n        <\/div>\n        <div class=\"col-text\">\n            <h2><strong>Integraci\u00f3n EMS Inteligente<\/strong><\/h2>\n            <p>Un sistema operativo de almacenamiento de energ\u00eda de alto rendimiento dise\u00f1ado para respaldar redes el\u00e9ctricas descarbonizadas. Aproveche nuestro sistema de gesti\u00f3n de energ\u00eda (EMS) propietario para la aplicaci\u00f3n din\u00e1mica de apilamiento, dispatch en tiempo real y licitaci\u00f3n autom\u00e1tica en el mercado de la red, asegurando el m\u00e1ximo retorno de inversi\u00f3n (ROI) para perfiles de servicios p\u00fablicos y C&amp;I.<\/p>\n        <\/div>\n    <\/div>\n\n    <!-- NEW: Applications Section -->\n    <div class=\"voltpack-applications\">\n        <h2><strong>Aplicaciones Vers\u00e1tiles a Escala de Red<\/strong><\/h2>\n        <div class=\"app-grid\">\n            <div class=\"app-card\">\n                <h3>Integraci\u00f3n Renovable<\/h3>\n                <p>Almacena la generaci\u00f3n excedente de energ\u00eda solar y e\u00f3lica. Despacha energ\u00eda limpia y fiable exactamente cuando\n                    aumenta la demanda.<\/p>\n            <\/div>\n            <div class=\"app-card\">\n                <h3>Desgaste Pico<\/h3>\n                <p>Reduzca los costosos cargos por demanda para instalaciones C&amp;I liberando energ\u00eda almacenada durante periodos de tarifas pico.<\/p>\n            <\/div>\n            <div class=\"app-card\">\n                <h3>Regulaci\u00f3n de Frecuencia<\/h3>\n                <p>Proporcionar inyecci\u00f3n o absorci\u00f3n de energ\u00eda en subsegundos para estabilizar fluctuaciones de frecuencia y voltaje de la red.<\/p>\n            <\/div>\n            <div class=\"app-card\">\n                <h3>Microgrupos y Resiliencia<\/h3>\n                <p>Asegure un suministro de energ\u00eda ininterrumpible para comunidades remotas o instalaciones cr\u00edticas durante\n                    apagones.<\/p>\n            <\/div>\n        <\/div>\n    <\/div>\n\n    <!-- NEW: Specifications Table Section -->\n    <div class=\"voltpack-specs\">\n        <h2><strong>Especificaciones T\u00e9cnicas<\/strong><\/h2>\n        <div class=\"table-responsive\">\n            <table>\n                <tbody>\n                    <tr>\n                        <th>Energ\u00eda nominal del sistema<\/th>\n                        <td>Hasta 2200 kWh \/ 2,2 MWh por Recinto<\/td>\n                    <\/tr>\n                    <tr>\n                        <th>Qu\u00edmica de la bater\u00eda<\/th>\n                        <td>Fosfato de Litio (LFP)<\/td>\n                    <\/tr>\n                    <tr>\n                        <th>Eficiencia de Vuelta Completa (RTE)<\/th>\n                        <td>> 92%<\/td>\n                    <\/tr>\n                    <tr>\n                        <th>Gesti\u00f3n T\u00e9rmica<\/th>\n                        <td>Refrigeraci\u00f3n L\u00edquida Inteligente<\/td>\n                    <\/tr>\n                    <tr>\n                        <th>Caja \/ Huella<\/th>\n                        <td>Contenedor Est\u00e1ndar de 20 pies<\/td>\n                    <\/tr>\n                    <tr>\n                        <th>Vida C\u00edclica<\/th>\n                        <td>&gt; 6,000 Ciclos @ 100% DoD<\/td>\n                    <\/tr>\n                    <tr>\n                        <th>Protecci\u00f3n contra la Ingresi\u00f3n<\/th>\n                        <td>Componentes IP54 \/ IP66<\/td>\n                    <\/tr>\n                    <tr>\n                        <th>Certificaciones<\/th>\n                        <td>UL 9540A, UL 1973, IEC 62619, CE<\/td>\n                    <\/tr>\n                <\/tbody>\n            <\/table>\n        <\/div>\n    <\/div>\n\n<\/section>\n\n<style>\n    .voltpack-ecosystem {\n        --ink: #102338;\n        --muted: #4e6173;\n        --line: #d8e0e7;\n        --surface: #ffffff;\n        --surface-soft: #f5f8fb;\n        --accent: #0f4c81;\n        --hero-bg-top: #f0f4f8;\n        --hero-bg-bottom: #ffffff;\n        --hero-text-top: #102338;\n        --hero-text-bottom: #3b4d61;\n        \/* Start with 0 padding at the top, keep side and bottom padding *\/\n        padding: 0 clamp(16px, 2vw, 24px) clamp(48px, 7vw, 88px);\n        max-width: 1200px;\n        margin: 0 auto;\n        color: var(--ink);\n        font-family: system-ui, -apple-system, \"Segoe UI\", sans-serif;\n    }\n\n    \/* Hero Section *\/\n    .voltpack-hero {\n        position: relative;\n        text-align: center;\n        padding: clamp(80px, 10vw, 140px) 20px;\n        margin-bottom: clamp(40px, 6vw, 64px);\n    }\n\n    .voltpack-hero::before {\n        content: \"\";\n        position: absolute;\n        top: 0;\n        bottom: 0;\n        left: 50%;\n        transform: translateX(-50%);\n        width: 100vw;\n        background: linear-gradient(180deg, var(--hero-bg-top) 0%, var(--hero-bg-bottom) 100%);\n        z-index: -1;\n    }\n\n    .voltpack-hero h1 {\n        position: relative;\n        margin: 0 0 16px;\n        font-size: clamp(3.5rem, 8vw, 6rem);\n        font-weight: 800;\n        line-height: 1.1;\n        letter-spacing: -0.03em;\n        background: linear-gradient(180deg, var(--hero-text-top) 0%, var(--hero-text-bottom) 100%);\n        -webkit-background-clip: text;\n        background-clip: text;\n        -webkit-text-fill-color: transparent;\n    }\n\n    .voltpack-hero p {\n        position: relative;\n        margin: 0 auto;\n        font-size: clamp(1.1rem, 2vw, 1.4rem);\n        color: var(--muted);\n        max-width: 800px;\n        line-height: 1.6;\n    }\n\n    .voltpack-row {\n        display: grid;\n        grid-template-columns: minmax(0, 1.2fr) minmax(0, 1fr);\n        align-items: stretch;\n        gap: clamp(20px, 3vw, 40px);\n        margin-bottom: clamp(24px, 4vw, 56px);\n        padding: clamp(16px, 2vw, 22px);\n        border: 1px solid var(--line);\n        border-radius: 10px;\n        background: linear-gradient(120deg, rgba(235, 244, 250, 0.75), rgba(255, 255, 255, 0)) var(--surface);\n        box-shadow: 0 14px 30px -28px rgba(16, 35, 56, 0.6);\n    }\n\n    .voltpack-row.is-reverse .col-text {\n        order: 1;\n    }\n\n    .voltpack-row.is-reverse .col-image {\n        order: 2;\n    }\n\n    .col-image {\n        min-width: 0;\n    }\n\n    .col-text {\n        min-width: 0;\n        align-self: center;\n    }\n\n    .col-text h2,\n    .voltpack-applications h2,\n    .voltpack-specs h2 {\n        margin: 0 0 14px;\n        font-size: clamp(1.35rem, 2.2vw, 2rem);\n        line-height: 1.2;\n        letter-spacing: -0.02em;\n        text-wrap: balance;\n    }\n\n    .voltpack-applications h2,\n    .voltpack-specs h2 {\n        text-align: center;\n        margin-bottom: clamp(24px, 4vw, 40px);\n    }\n\n    .col-text p {\n        line-height: 1.72;\n        margin: 0 0 1em;\n        color: var(--muted);\n        font-size: clamp(0.98rem, 1.25vw, 1.08rem);\n    }\n\n    .col-text p:last-child {\n        margin-bottom: 0;\n    }\n\n    .col-text strong {\n        color: var(--ink);\n    }\n\n    .col-image figure {\n        margin: 0;\n        height: 100%;\n    }\n\n    .col-image img,\n    .col-image video {\n        width: 100%;\n        height: 100%;\n        display: block;\n        min-height: 240px;\n        border-radius: 10px;\n        aspect-ratio: 4 \/ 3;\n        object-fit: cover;\n        background: var(--surface-soft);\n    }\n\n    .plyr-video {\n        width: 100%;\n        max-width: 100%;\n        overflow: hidden;\n        border-radius: 10px;\n    }\n\n    \/* Applications Section *\/\n    .voltpack-applications {\n        margin-top: clamp(48px, 6vw, 80px);\n    }\n\n    .voltpack-applications .app-grid {\n        display: grid;\n        grid-template-columns: repeat(auto-fit, minmax(240px, 1fr));\n        gap: 24px;\n    }\n\n    .voltpack-applications .app-card {\n        background: var(--surface-soft);\n        border: 1px solid var(--line);\n        padding: 24px;\n        border-radius: 10px;\n        transition: transform 0.3s ease, box-shadow 0.3s ease;\n    }\n\n    .voltpack-applications .app-card:hover {\n        transform: translateY(-4px);\n        box-shadow: 0 10px 24px -12px rgba(16, 35, 56, 0.3);\n    }\n\n    .voltpack-applications .app-card h3 {\n        margin: 0 0 12px;\n        font-size: 1.15rem;\n        color: var(--accent);\n    }\n\n    .voltpack-applications .app-card p {\n        margin: 0;\n        font-size: 0.95rem;\n        line-height: 1.6;\n        color: var(--muted);\n    }\n\n    \/* Specs Section *\/\n    .voltpack-specs {\n        margin-top: clamp(48px, 6vw, 80px);\n    }\n\n    .table-responsive {\n        overflow-x: auto;\n        border-radius: 10px;\n        border: 1px solid var(--line);\n    }\n\n    .voltpack-specs table {\n        width: 100%;\n        border-collapse: collapse;\n        text-align: left;\n        background: var(--surface);\n    }\n\n    .voltpack-specs th,\n    .voltpack-specs td {\n        padding: 16px 20px;\n        border-bottom: 1px solid var(--line);\n        font-size: clamp(0.95rem, 1.2vw, 1.05rem);\n    }\n\n    .voltpack-specs tr:last-child th,\n    .voltpack-specs tr:last-child td {\n        border-bottom: none;\n    }\n\n    .voltpack-specs th {\n        width: 40%;\n        font-weight: 600;\n        color: var(--ink);\n        background: var(--surface-soft);\n    }\n\n    .voltpack-specs td {\n        color: var(--muted);\n    }\n\n\n    @media (max-width: 960px) {\n        .voltpack-row {\n            grid-template-columns: 1fr;\n            gap: 18px;\n        }\n\n        .voltpack-row.is-reverse .col-text,\n        .voltpack-row.is-reverse .col-image {\n            order: initial;\n        }\n    }\n\n    @media (max-width: 640px) {\n        .voltpack-ecosystem {\n            padding-left: 10px;\n            padding-right: 10px;\n        }\n\n        .voltpack-row {\n            border-radius: 10px;\n            padding: 14px;\n        }\n\n        .col-image img,\n        .col-image video {\n            min-height: 200px;\n        }\n\n        .col-text h2 {\n            font-size: 1.3rem;\n        }\n\n        .voltpack-specs th,\n        .voltpack-specs td {\n            padding: 12px;\n            font-size: 0.9rem;\n        }\n\n        .voltpack-specs th {\n            width: 50%;\n        }\n    }\n<\/style>\n\n<script>\n    document.addEventListener('DOMContentLoaded', () => {\n        if (typeof Plyr !== 'undefined') {\n            const player1 = new Plyr('#player1', { controls: [] });\n            player1.play().catch(error => console.error('\u81ea\u52a8\u64ad\u653e\u5931\u8d25:', error));\n\n            const player2 = new Plyr('#player2', { controls: [] });\n            player2.play().catch(error => console.error('\u81ea\u52a8\u64ad\u653e\u5931\u8d25:', error));\n        }\n    });\n<\/script>","protected":false},"excerpt":{"rendered":"<p>VoltPack Liquid-Cooled Large Container Energy Storage System Large Container Energy Storage System The Voltpack BESS utilizes advanced LFP (Lithium Iron Phosphate) cell chemistry with a 12-patented low calorific value architecture. Featuring our innovative DC\/AC cabinets and an automated active fire protection system, it guarantees superior safety verified by UL 9540A testing. Its cylindrical cell design \u2026 <a title=\"VoltPack\" class=\"read-more\" href=\"https:\/\/luminvolt.com\/es\/voltpack-luminvolt\/\" aria-label=\"Leer m\u00e1s sobre VoltPack\">Leer m\u00e1s<\/a><\/p>","protected":false},"author":1,"featured_media":0,"parent":0,"menu_order":0,"comment_status":"closed","ping_status":"closed","template":"","meta":{"footnotes":""},"class_list":["post-70","page","type-page","status-publish"],"yoast_head":"<!-- This site is optimized with the Yoast SEO Premium plugin v26.3 (Yoast SEO v27.4) - https:\/\/yoast.com\/product\/yoast-seo-premium-wordpress\/ -->\n<title>VoltPack - LuminVolt<\/title>\n<meta name=\"description\" content=\"Upgrade grid reliability with VoltPack Large Container Energy Storage Systems. 2.2MWh LFP battery, robust liquid cooling, and intelligent EMS integration.\" \/>\n<meta name=\"robots\" content=\"index, follow, max-snippet:-1, max-image-preview:large, max-video-preview:-1\" \/>\n<link rel=\"canonical\" href=\"https:\/\/luminvolt.com\/es\/voltpack-luminvolt\/\" \/>\n<meta property=\"og:locale\" content=\"es_ES\" \/>\n<meta property=\"og:type\" content=\"article\" \/>\n<meta property=\"og:title\" content=\"VoltPack\" \/>\n<meta property=\"og:description\" content=\"Upgrade grid reliability with VoltPack Large Container Energy Storage Systems. 2.2MWh LFP battery, robust liquid cooling, and intelligent EMS integration.\" \/>\n<meta property=\"og:url\" content=\"https:\/\/luminvolt.com\/es\/voltpack-luminvolt\/\" \/>\n<meta property=\"og:site_name\" content=\"LuminVolt\" \/>\n<meta property=\"article:modified_time\" content=\"2026-02-25T08:28:21+00:00\" \/>\n<meta property=\"og:image\" content=\"https:\/\/luminvolt.com\/wp-content\/uploads\/2024\/12\/Large-Energy-Storage-System.webp\" \/>\n<meta name=\"twitter:card\" content=\"summary_large_image\" \/>\n<meta name=\"twitter:label1\" content=\"Tiempo de lectura\" \/>\n\t<meta name=\"twitter:data1\" content=\"3 minutos\" \/>\n<script type=\"application\/ld+json\" class=\"yoast-schema-graph\">{\"@context\":\"https:\\\/\\\/schema.org\",\"@graph\":[{\"@type\":\"WebPage\",\"@id\":\"https:\\\/\\\/luminvolt.com\\\/voltpack\\\/\",\"url\":\"https:\\\/\\\/luminvolt.com\\\/voltpack\\\/\",\"name\":\"VoltPack - LuminVolt\",\"isPartOf\":{\"@id\":\"https:\\\/\\\/luminvolt.com\\\/#website\"},\"primaryImageOfPage\":{\"@id\":\"https:\\\/\\\/luminvolt.com\\\/voltpack\\\/#primaryimage\"},\"image\":{\"@id\":\"https:\\\/\\\/luminvolt.com\\\/voltpack\\\/#primaryimage\"},\"thumbnailUrl\":\"https:\\\/\\\/luminvolt.com\\\/wp-content\\\/uploads\\\/2024\\\/12\\\/Large-Energy-Storage-System.webp\",\"datePublished\":\"2024-12-29T02:42:31+00:00\",\"dateModified\":\"2026-02-25T08:28:21+00:00\",\"description\":\"Upgrade grid reliability with VoltPack Large Container Energy Storage Systems. 2.2MWh LFP battery, robust liquid cooling, and intelligent EMS integration.\",\"breadcrumb\":{\"@id\":\"https:\\\/\\\/luminvolt.com\\\/voltpack\\\/#breadcrumb\"},\"inLanguage\":\"es\",\"potentialAction\":[{\"@type\":\"ReadAction\",\"target\":[\"https:\\\/\\\/luminvolt.com\\\/voltpack\\\/\"]}]},{\"@type\":\"ImageObject\",\"inLanguage\":\"es\",\"@id\":\"https:\\\/\\\/luminvolt.com\\\/voltpack\\\/#primaryimage\",\"url\":\"https:\\\/\\\/luminvolt.com\\\/wp-content\\\/uploads\\\/2024\\\/12\\\/Large-Energy-Storage-System.webp\",\"contentUrl\":\"https:\\\/\\\/luminvolt.com\\\/wp-content\\\/uploads\\\/2024\\\/12\\\/Large-Energy-Storage-System.webp\"},{\"@type\":\"BreadcrumbList\",\"@id\":\"https:\\\/\\\/luminvolt.com\\\/voltpack\\\/#breadcrumb\",\"itemListElement\":[{\"@type\":\"ListItem\",\"position\":1,\"name\":\"Home\",\"item\":\"https:\\\/\\\/luminvolt.com\\\/\"},{\"@type\":\"ListItem\",\"position\":2,\"name\":\"VoltPack\"}]},{\"@type\":\"WebSite\",\"@id\":\"https:\\\/\\\/luminvolt.com\\\/#website\",\"url\":\"https:\\\/\\\/luminvolt.com\\\/\",\"name\":\"LuminVolt\",\"description\":\"Your Partner in Advanced Solar Mounting System&amp; Energy Storage\",\"publisher\":{\"@id\":\"https:\\\/\\\/luminvolt.com\\\/#organization\"},\"potentialAction\":[{\"@type\":\"SearchAction\",\"target\":{\"@type\":\"EntryPoint\",\"urlTemplate\":\"https:\\\/\\\/luminvolt.com\\\/?s={search_term_string}\"},\"query-input\":{\"@type\":\"PropertyValueSpecification\",\"valueRequired\":true,\"valueName\":\"search_term_string\"}}],\"inLanguage\":\"es\"},{\"@type\":\"Organization\",\"@id\":\"https:\\\/\\\/luminvolt.com\\\/#organization\",\"name\":\"LuminVolt\",\"url\":\"https:\\\/\\\/luminvolt.com\\\/\",\"logo\":{\"@type\":\"ImageObject\",\"inLanguage\":\"es\",\"@id\":\"https:\\\/\\\/luminvolt.com\\\/#\\\/schema\\\/logo\\\/image\\\/\",\"url\":\"https:\\\/\\\/luminvolt.com\\\/wp-content\\\/uploads\\\/2024\\\/12\\\/LuminVolt-02.webp\",\"contentUrl\":\"https:\\\/\\\/luminvolt.com\\\/wp-content\\\/uploads\\\/2024\\\/12\\\/LuminVolt-02.webp\",\"width\":512,\"height\":512,\"caption\":\"LuminVolt\"},\"image\":{\"@id\":\"https:\\\/\\\/luminvolt.com\\\/#\\\/schema\\\/logo\\\/image\\\/\"}}]}<\/script>\n<!-- \/ Yoast SEO Premium plugin. -->","yoast_head_json":{"title":"El sistema cuenta con 12 tecnolog\u00edas patentadas para bajo valor calor\u00edfico, con cabinas DC\/AC innovadoras y un sistema de protecci\u00f3n contra incendios automatizado que garantiza la seguridad. Su dise\u00f1o de celda cil\u00edndrica con bornes polares completos mejora la eficiencia en un 3%, mientras que los nodos optimizados y un sistema de temperatura constante de baja energ\u00eda aumentan la eficiencia general a 92%, superando ... Leer m\u00e1s","description":"Mejora la fiabilidad de la red con los Sistemas de Almacenamiento de Energ\u00eda de Gran Capacidad VoltPack. Bater\u00eda de 2.2MWh de LFP, refrigeraci\u00f3n l\u00edquida robusta e integraci\u00f3n inteligente de EMS.","robots":{"index":"index","follow":"follow","max-snippet":"max-snippet:-1","max-image-preview":"max-image-preview:large","max-video-preview":"max-video-preview:-1"},"canonical":"https:\/\/luminvolt.com\/es\/voltpack-luminvolt\/","og_locale":"es_ES","og_type":"article","og_title":"VoltPack","og_description":"Upgrade grid reliability with VoltPack Large Container Energy Storage Systems. 2.2MWh LFP battery, robust liquid cooling, and intelligent EMS integration.","og_url":"https:\/\/luminvolt.com\/es\/voltpack-luminvolt\/","og_site_name":"LuminVolt","article_modified_time":"2026-02-25T08:28:21+00:00","og_image":[{"url":"https:\/\/luminvolt.com\/wp-content\/uploads\/2024\/12\/Large-Energy-Storage-System.webp","type":"","width":"","height":""}],"twitter_card":"summary_large_image","twitter_misc":{"Tiempo de lectura":"3 minutos"},"schema":{"@context":"https:\/\/schema.org","@graph":[{"@type":"WebPage","@id":"https:\/\/luminvolt.com\/voltpack\/","url":"https:\/\/luminvolt.com\/voltpack\/","name":"El sistema cuenta con 12 tecnolog\u00edas patentadas para bajo valor calor\u00edfico, con cabinas DC\/AC innovadoras y un sistema de protecci\u00f3n contra incendios automatizado que garantiza la seguridad. Su dise\u00f1o de celda cil\u00edndrica con bornes polares completos mejora la eficiencia en un 3%, mientras que los nodos optimizados y un sistema de temperatura constante de baja energ\u00eda aumentan la eficiencia general a 92%, superando ... Leer m\u00e1s","isPartOf":{"@id":"https:\/\/luminvolt.com\/#website"},"primaryImageOfPage":{"@id":"https:\/\/luminvolt.com\/voltpack\/#primaryimage"},"image":{"@id":"https:\/\/luminvolt.com\/voltpack\/#primaryimage"},"thumbnailUrl":"https:\/\/luminvolt.com\/wp-content\/uploads\/2024\/12\/Large-Energy-Storage-System.webp","datePublished":"2024-12-29T02:42:31+00:00","dateModified":"2026-02-25T08:28:21+00:00","description":"Mejora la fiabilidad de la red con los Sistemas de Almacenamiento de Energ\u00eda de Gran Capacidad VoltPack. Bater\u00eda de 2.2MWh de LFP, refrigeraci\u00f3n l\u00edquida robusta e integraci\u00f3n inteligente de EMS.","breadcrumb":{"@id":"https:\/\/luminvolt.com\/voltpack\/#breadcrumb"},"inLanguage":"es","potentialAction":[{"@type":"ReadAction","target":["https:\/\/luminvolt.com\/voltpack\/"]}]},{"@type":"ImageObject","inLanguage":"es","@id":"https:\/\/luminvolt.com\/voltpack\/#primaryimage","url":"https:\/\/luminvolt.com\/wp-content\/uploads\/2024\/12\/Large-Energy-Storage-System.webp","contentUrl":"https:\/\/luminvolt.com\/wp-content\/uploads\/2024\/12\/Large-Energy-Storage-System.webp"},{"@type":"BreadcrumbList","@id":"https:\/\/luminvolt.com\/voltpack\/#breadcrumb","itemListElement":[{"@type":"ListItem","position":1,"name":"Home","item":"https:\/\/luminvolt.com\/"},{"@type":"ListItem","position":2,"name":"VoltPack"}]},{"@type":"WebSite","@id":"https:\/\/luminvolt.com\/#website","url":"https:\/\/luminvolt.com\/","name":"LuminVolt","description":"Su Socio en Sistemas de Montaje Solar Avanzados y Almacenamiento de Energ\u00eda","publisher":{"@id":"https:\/\/luminvolt.com\/#organization"},"potentialAction":[{"@type":"SearchAction","target":{"@type":"EntryPoint","urlTemplate":"https:\/\/luminvolt.com\/?s={search_term_string}"},"query-input":{"@type":"PropertyValueSpecification","valueRequired":true,"valueName":"search_term_string"}}],"inLanguage":"es"},{"@type":"Organization","@id":"https:\/\/luminvolt.com\/#organization","name":"LuminVolt","url":"https:\/\/luminvolt.com\/","logo":{"@type":"ImageObject","inLanguage":"es","@id":"https:\/\/luminvolt.com\/#\/schema\/logo\/image\/","url":"https:\/\/luminvolt.com\/wp-content\/uploads\/2024\/12\/LuminVolt-02.webp","contentUrl":"https:\/\/luminvolt.com\/wp-content\/uploads\/2024\/12\/LuminVolt-02.webp","width":512,"height":512,"caption":"LuminVolt"},"image":{"@id":"https:\/\/luminvolt.com\/#\/schema\/logo\/image\/"}}]}},"_links":{"self":[{"href":"https:\/\/luminvolt.com\/es\/wp-json\/wp\/v2\/pages\/70","targetHints":{"allow":["GET"]}}],"collection":[{"href":"https:\/\/luminvolt.com\/es\/wp-json\/wp\/v2\/pages"}],"about":[{"href":"https:\/\/luminvolt.com\/es\/wp-json\/wp\/v2\/types\/page"}],"author":[{"embeddable":true,"href":"https:\/\/luminvolt.com\/es\/wp-json\/wp\/v2\/users\/1"}],"replies":[{"embeddable":true,"href":"https:\/\/luminvolt.com\/es\/wp-json\/wp\/v2\/comments?post=70"}],"version-history":[{"count":0,"href":"https:\/\/luminvolt.com\/es\/wp-json\/wp\/v2\/pages\/70\/revisions"}],"wp:attachment":[{"href":"https:\/\/luminvolt.com\/es\/wp-json\/wp\/v2\/media?parent=70"}],"curies":[{"name":"- WordPress","href":"https:\/\/api.w.org\/{rel}","templated":true}]}}