{"id":70,"date":"2024-12-29T03:42:31","date_gmt":"2024-12-29T02:42:31","guid":{"rendered":"https:\/\/luminvolt.com\/?page_id=70"},"modified":"2026-02-25T09:28:21","modified_gmt":"2026-02-25T08:28:21","slug":"voltpack","status":"publish","type":"page","link":"https:\/\/luminvolt.com\/de\/voltpack\/","title":{"rendered":"VoltPack"},"content":{"rendered":"<section class=\"voltpack-ecosystem\">\n\n    <!-- NEW: Hero Section -->\n    <div class=\"voltpack-hero\">\n        <div class=\"hero-content\">\n            <h1>VoltPack<\/h1>\n            <p>Fl\u00fcssigk\u00fchlungssystem f\u00fcr gro\u00dfe Energiespeichersysteme in Containern<\/p>\n        <\/div>\n    <\/div>\n\n    <div class=\"voltpack-row\">\n        <div class=\"col-image\">\n            <figure>\n                <img src=\"https:\/\/luminvolt.com\/wp-content\/uploads\/2024\/12\/Large-Energy-Storage-System.webp\"\n                    alt=\"Gro\u00dfes Beh\u00e4lterenergiespeichersystem\" loading=\"eager\" decoding=\"async\" \/>\n            <\/figure>\n        <\/div>\n        <div class=\"col-text\">\n            <h2><strong>Gro\u00dfes Beh\u00e4lterenergiespeichersystem<\/strong><\/h2>\n            <p>Das Voltpack BESS nutzt fortschrittliche <strong>LFP (Lithium-Eisenphosphat)<\/strong> Zellchemie mit einer\n                12-patentierten, niedrigen Kalorik-Wert-Architektur. Mit unseren innovativen DC\/AC-Schr\u00e4nken und einem automatisierten\n                aktiven Brandschutzsystem gew\u00e4hrleistet es eine \u00fcberlegene Sicherheit, die durch <strong>UL 9540A<\/strong>\n                gepr\u00fcft wurde.<\/p>\n            <p>Sein zylindrisches Zellentdesign mit vollst\u00e4ndigen Polklemmen verbessert die Effizienz um 3%, w\u00e4hrend unsere optimierten Knoten und\n                das fortschrittliche <strong>Fl\u00fcssigk\u00fchlung<\/strong> Thermomanagement-System die Gesamtkreislaufeffizienz (RTE) auf \u00fcber 92% steigern, was den Durchschnitt der Branche \u00fcbertrifft. Ein schwei\u00dffreies Design stellt eine Lebensdauer von 10-20\n                Jahren sicher und senkt die Betriebs- und Wartungskosten erheblich.<\/p>\n        <\/div>\n    <\/div>\n\n    <div class=\"voltpack-row is-reverse\">\n        <div class=\"col-text\">\n            <h2><strong>Einfache &amp; Schnelle Installation<\/strong><\/h2>\n            <p>Jedes Voltpack-Modul ist werkseitig integriert und vollst\u00e4ndig montiert, bereit f\u00fcr sofortige \u201cplug-and-play\u201d\n                Nutzung. Durch Entfernen des Mittelgangs erreicht die Kapazit\u00e4t 2,2 MWh in einem Standard-20-Fu\u00df-Container,\n                maximiert die Energiedichte und minimiert die Einrichtungszeit. Das System erfordert minimale vor Ort\n                Wartung und wird durch eine robuste Garantie von bis zu 20 Jahren unterst\u00fctzt.<\/p>\n        <\/div>\n        <div class=\"col-image\">\n            <video id=\"player1\" class=\"plyr-video\" autoplay loop muted playsinline preload=\"metadata\">\n                <source src=\"https:\/\/video.525.hk\/Easy%20Installation%20.mp4\" type=\"video\/mp4\" \/>\n                Ihr Browser unterst\u00fctzt das HTML5-Video-Tag nicht.\n            <\/video>\n        <\/div>\n    <\/div>\n\n    <div class=\"voltpack-row\">\n        <div class=\"col-image\">\n            <figure>\n                <img src=\"https:\/\/luminvolt.com\/wp-content\/uploads\/2024\/12\/Fully-Integrated-1024x768.webp\"\n                    alt=\"Vollintegrierte Modulare Architektur\" loading=\"lazy\" decoding=\"async\" \/>\n            <\/figure>\n        <\/div>\n        <div class=\"col-text\">\n            <h2><strong>Vollintegrierte Modulare Architektur<\/strong><\/h2>\n            <p>Voltpack bietet \u00fcberlegene Leistung und Zuverl\u00e4ssigkeit zu einem niedrigeren Lebenszyklus-Kosten. Jedes Batteriemodul ist mit dedizierten Invertoren (PCS)\n                ausgestattet, was die Systemeffizienz erh\u00f6ht und potenzielle Fehler isoliert, um eine erh\u00f6hte Sicherheit zu gew\u00e4hrleisten. Dank nahtlosen\n                Over-the-Air (OTA)-Software-Updates,\n                ,\n                <strong>Voltpack<\/strong> verbessert sich kontinuierlich und liefert \u00fcber die Zeit einen noch h\u00f6heren kommerziellen Wert.\n            <\/p>\n        <\/div>\n    <\/div>\n\n    <div class=\"voltpack-row is-reverse\">\n        <div class=\"col-text\">\n            <h2><strong>Sicher durch Design: Zell- bis Systemschutz<\/strong><\/h2>\n            <p>Voltpack hebt sich als eine der sichersten Utility-scale-Batteriespeichersysteme ab. Es unterliegt\n                strengen Feuertests und ist mit fortschrittlichen mehrstufigen Sicherheitssystemen ausgestattet \u2013 einschlie\u00dflich\n                Brandgasdetektion, aktiver Rauchableitung und gezielter Brandbek\u00e4mpfung. Mit 24\/7 Fern\u00fcberwachung\n                sind Sie absolut sicher.<\/p>\n        <\/div>\n        <div class=\"col-image\">\n            <video id=\"player2\" class=\"plyr-video\" autoplay loop muted playsinline preload=\"metadata\">\n                <source src=\"https:\/\/video.525.hk\/Safe%20by%20Design.mp4\" type=\"video\/mp4\" \/>\n                Ihr Browser unterst\u00fctzt das HTML5-Video-Tag nicht.\n            <\/video>\n        <\/div>\n    <\/div>\n\n    <div class=\"voltpack-row\">\n        <div class=\"col-image\">\n            <figure>\n                <img src=\"https:\/\/luminvolt.com\/wp-content\/uploads\/2024\/12\/\u5927\u529f\u7387\uff0c\u5c0f\u78b3\u8db3\u8ff9-\u5317\u6b27\u52a8\u529b\u7535\u6c60\u516c\u53f8-Big-on-power-small-on-carbon-footprint-N.webp\"\n                    alt=\"Intelligente EMS-Integration\" loading=\"lazy\" decoding=\"async\" \/>\n            <\/figure>\n        <\/div>\n        <div class=\"col-text\">\n            <h2><strong>Intelligente EMS-Integration<\/strong><\/h2>\n            <p>Ein leistungsstarkes Energiespeichersystem-Betriebssystem, das die Dekarbonisierung von Stromnetzen unterst\u00fctzt. Nutzen\n                Sie unser propriet\u00e4res Energieverwaltungssystem (EMS) f\u00fcr dynamische Anwendungsh\u00e4ufung, Echtzeitverteilung\n                und automatisierte Netzmarktauktionen, um die maximale Rendite f\u00fcr Utility- und C&amp;I-Profilen sicherzustellen.<\/p>\n        <\/div>\n    <\/div>\n\n    <!-- NEW: Applications Section -->\n    <div class=\"voltpack-applications\">\n        <h2><strong>Vielseitige Anwendungsf\u00e4lle im Netzma\u00dfstab<\/strong><\/h2>\n        <div class=\"app-grid\">\n            <div class=\"app-card\">\n                <h3>Integration erneuerbarer Energien<\/h3>\n                <p>Speichern Sie \u00fcbersch\u00fcssige Solare- und Windenergie. Verwalten Sie festen, verl\u00e4sslichen sauberen\n                    Energie genau dann, wenn die Nachfrage peaks.<\/p>\n            <\/div>\n            <div class=\"app-card\">\n                <h3>Spitzenlastk\u00fcrzung<\/h3>\n                <p>Reduzieren Sie kostspielige Nachfragegeb\u00fchren f\u00fcr C&amp;I-Einrichtungen, indem Sie gespeicherte Energie\n                    w\u00e4hrend der Spitzenzeiten entladen.<\/p>\n            <\/div>\n            <div class=\"app-card\">\n                <h3>Frequenzregulierung<\/h3>\n                <p>Stabilisieren Sie Netzspannungs- und Frequenzfluktuationen durch subsekundliche\n                    Strominjektionen oder -absorptionen.<\/p>\n            <\/div>\n            <div class=\"app-card\">\n                <h3>Microgrids &amp; Robustheit<\/h3>\n                <p>Stellen Sie w\u00e4hrend der Stromausf\u00e4lle f\u00fcr abgelegene Gemeinschaften oder kritische Einrichtungen\n                    unterbrechungsfreie Stromversorgung sicher.<\/p>\n            <\/div>\n        <\/div>\n    <\/div>\n\n    <!-- NEW: Specifications Table Section -->\n    <div class=\"voltpack-specs\">\n        <h2><strong>Technische Daten<\/strong><\/h2>\n        <div class=\"table-responsive\">\n            <table>\n                <tbody>\n                    <tr>\n                        <th>Systemnominalenergie<\/th>\n                        <td>Bis zu 2200 kWh \/ 2,2 MWh pro Geh\u00e4use<\/td>\n                    <\/tr>\n                    <tr>\n                        <th>Batteriechemie<\/th>\n                        <td>Lithium-Eisen-Phosphat (LFP)<\/td>\n                    <\/tr>\n                    <tr>\n                        <th>Kreislaufeffizienz (RTE)<\/th>\n                        <td>> 92%<\/td>\n                    <\/tr>\n                    <tr>\n                        <th>Thermische K\u00fchlung<\/th>\n                        <td>Intelligente Fl\u00fcssigkeitsk\u00fchlung<\/td>\n                    <\/tr>\n                    <tr>\n                        <th>Geh\u00e4use \/ Fu\u00dfabdruck<\/th>\n                        <td>Standard 20-Fu\u00df-Container<\/td>\n                    <\/tr>\n                    <tr>\n                        <th>Lebensdauer<\/th>\n                        <td>&gt; 6.000 Zyklen @ 100% DoD<\/td>\n                    <\/tr>\n                    <tr>\n                        <th>Schutzart<\/th>\n                        <td>IP54 \/ IP66 Komponenten<\/td>\n                    <\/tr>\n                    <tr>\n                        <th>Zertifizierungen<\/th>\n                        <td>UL 9540A, UL 1973, IEC 62619, CE<\/td>\n                    <\/tr>\n                <\/tbody>\n            <\/table>\n        <\/div>\n    <\/div>\n\n<\/section>\n\n<style>\n    .voltpack-ecosystem {\n        --ink: #102338;\n        --muted: #4e6173;\n        --line: #d8e0e7;\n        --surface: #ffffff;\n        --surface-soft: #f5f8fb;\n        --accent: #0f4c81;\n        --hero-bg-top: #f0f4f8;\n        --hero-bg-bottom: #ffffff;\n        --hero-text-top: #102338;\n        --hero-text-bottom: #3b4d61;\n        \/* Start with 0 padding at the top, keep side and bottom padding *\/\n        padding: 0 clamp(16px, 2vw, 24px) clamp(48px, 7vw, 88px);\n        max-width: 1200px;\n        margin: 0 auto;\n        color: var(--ink);\n        font-family: system-ui, -apple-system, \"Segoe UI\", sans-serif;\n    }\n\n    \/* Hero Section *\/\n    .voltpack-hero {\n        position: relative;\n        text-align: center;\n        padding: clamp(80px, 10vw, 140px) 20px;\n        margin-bottom: clamp(40px, 6vw, 64px);\n    }\n\n    .voltpack-hero::before {\n        content: \"\";\n        position: absolute;\n        top: 0;\n        bottom: 0;\n        left: 50%;\n        transform: translateX(-50%);\n        width: 100vw;\n        background: linear-gradient(180deg, var(--hero-bg-top) 0%, var(--hero-bg-bottom) 100%);\n        z-index: -1;\n    }\n\n    .voltpack-hero h1 {\n        position: relative;\n        margin: 0 0 16px;\n        font-size: clamp(3.5rem, 8vw, 6rem);\n        font-weight: 800;\n        line-height: 1.1;\n        letter-spacing: -0.03em;\n        background: linear-gradient(180deg, var(--hero-text-top) 0%, var(--hero-text-bottom) 100%);\n        -webkit-background-clip: text;\n        background-clip: text;\n        -webkit-text-fill-color: transparent;\n    }\n\n    .voltpack-hero p {\n        position: relative;\n        margin: 0 auto;\n        font-size: clamp(1.1rem, 2vw, 1.4rem);\n        color: var(--muted);\n        max-width: 800px;\n        line-height: 1.6;\n    }\n\n    .voltpack-row {\n        display: grid;\n        grid-template-columns: minmax(0, 1.2fr) minmax(0, 1fr);\n        align-items: stretch;\n        gap: clamp(20px, 3vw, 40px);\n        margin-bottom: clamp(24px, 4vw, 56px);\n        padding: clamp(16px, 2vw, 22px);\n        border: 1px solid var(--line);\n        border-radius: 10px;\n        background: linear-gradient(120deg, rgba(235, 244, 250, 0.75), rgba(255, 255, 255, 0)) var(--surface);\n        box-shadow: 0 14px 30px -28px rgba(16, 35, 56, 0.6);\n    }\n\n    .voltpack-row.is-reverse .col-text {\n        order: 1;\n    }\n\n    .voltpack-row.is-reverse .col-image {\n        order: 2;\n    }\n\n    .col-image {\n        min-width: 0;\n    }\n\n    .col-text {\n        min-width: 0;\n        align-self: center;\n    }\n\n    .col-text h2,\n    .voltpack-applications h2,\n    .voltpack-specs h2 {\n        margin: 0 0 14px;\n        font-size: clamp(1.35rem, 2.2vw, 2rem);\n        line-height: 1.2;\n        letter-spacing: -0.02em;\n        text-wrap: balance;\n    }\n\n    .voltpack-applications h2,\n    .voltpack-specs h2 {\n        text-align: center;\n        margin-bottom: clamp(24px, 4vw, 40px);\n    }\n\n    .col-text p {\n        line-height: 1.72;\n        margin: 0 0 1em;\n        color: var(--muted);\n        font-size: clamp(0.98rem, 1.25vw, 1.08rem);\n    }\n\n    .col-text p:last-child {\n        margin-bottom: 0;\n    }\n\n    .col-text strong {\n        color: var(--ink);\n    }\n\n    .col-image figure {\n        margin: 0;\n        height: 100%;\n    }\n\n    .col-image img,\n    .col-image video {\n        width: 100%;\n        height: 100%;\n        display: block;\n        min-height: 240px;\n        border-radius: 10px;\n        aspect-ratio: 4 \/ 3;\n        object-fit: cover;\n        background: var(--surface-soft);\n    }\n\n    .plyr-video {\n        width: 100%;\n        max-width: 100%;\n        overflow: hidden;\n        border-radius: 10px;\n    }\n\n    \/* Applications Section *\/\n    .voltpack-applications {\n        margin-top: clamp(48px, 6vw, 80px);\n    }\n\n    .voltpack-applications .app-grid {\n        display: grid;\n        grid-template-columns: repeat(auto-fit, minmax(240px, 1fr));\n        gap: 24px;\n    }\n\n    .voltpack-applications .app-card {\n        background: var(--surface-soft);\n        border: 1px solid var(--line);\n        padding: 24px;\n        border-radius: 10px;\n        transition: transform 0.3s ease, box-shadow 0.3s ease;\n    }\n\n    .voltpack-applications .app-card:hover {\n        transform: translateY(-4px);\n        box-shadow: 0 10px 24px -12px rgba(16, 35, 56, 0.3);\n    }\n\n    .voltpack-applications .app-card h3 {\n        margin: 0 0 12px;\n        font-size: 1.15rem;\n        color: var(--accent);\n    }\n\n    .voltpack-applications .app-card p {\n        margin: 0;\n        font-size: 0.95rem;\n        line-height: 1.6;\n        color: var(--muted);\n    }\n\n    \/* Specs Section *\/\n    .voltpack-specs {\n        margin-top: clamp(48px, 6vw, 80px);\n    }\n\n    .table-responsive {\n        overflow-x: auto;\n        border-radius: 10px;\n        border: 1px solid var(--line);\n    }\n\n    .voltpack-specs table {\n        width: 100%;\n        border-collapse: collapse;\n        text-align: left;\n        background: var(--surface);\n    }\n\n    .voltpack-specs th,\n    .voltpack-specs td {\n        padding: 16px 20px;\n        border-bottom: 1px solid var(--line);\n        font-size: clamp(0.95rem, 1.2vw, 1.05rem);\n    }\n\n    .voltpack-specs tr:last-child th,\n    .voltpack-specs tr:last-child td {\n        border-bottom: none;\n    }\n\n    .voltpack-specs th {\n        width: 40%;\n        font-weight: 600;\n        color: var(--ink);\n        background: var(--surface-soft);\n    }\n\n    .voltpack-specs td {\n        color: var(--muted);\n    }\n\n\n    @media (max-width: 960px) {\n        .voltpack-row {\n            grid-template-columns: 1fr;\n            gap: 18px;\n        }\n\n        .voltpack-row.is-reverse .col-text,\n        .voltpack-row.is-reverse .col-image {\n            order: initial;\n        }\n    }\n\n    @media (max-width: 640px) {\n        .voltpack-ecosystem {\n            padding-left: 10px;\n            padding-right: 10px;\n        }\n\n        .voltpack-row {\n            border-radius: 10px;\n            padding: 14px;\n        }\n\n        .col-image img,\n        .col-image video {\n            min-height: 200px;\n        }\n\n        .col-text h2 {\n            font-size: 1.3rem;\n        }\n\n        .voltpack-specs th,\n        .voltpack-specs td {\n            padding: 12px;\n            font-size: 0.9rem;\n        }\n\n        .voltpack-specs th {\n            width: 50%;\n        }\n    }\n<\/style>\n\n<script>\n    document.addEventListener('DOMContentLoaded', () => {\n        if (typeof Plyr !== 'undefined') {\n            const player1 = new Plyr('#player1', { controls: [] });\n            player1.play().catch(error => console.error('\u81ea\u52a8\u64ad\u653e\u5931\u8d25:', error));\n\n            const player2 = new Plyr('#player2', { controls: [] });\n            player2.play().catch(error => console.error('\u81ea\u52a8\u64ad\u653e\u5931\u8d25:', error));\n        }\n    });\n<\/script>","protected":false},"excerpt":{"rendered":"<p>VoltPack Fl\u00fcssigk\u00fchlungssystem f\u00fcr gro\u00dfe Beh\u00e4lter Energiespeichersystem Gro\u00dfe Energiespeichersysteme Das Voltpack BESS nutzt fortschrittliche LFP (Lithium-Eisenphosphat)-Zellchemie mit einer 12-patentierten niedrigen Kalorik-Wert-Architektur. Mit unseren innovativen DC\/AC-Kabinen und einem automatisierten aktiven Brandschutzsystem gew\u00e4hrleistet es eine \u00fcberlegene Sicherheit, die durch UL 9540A-Tests best\u00e4tigt wurde. Sein zylindrisches Zellentdesign \u2026 <a title=\"VoltPack\" class=\"read-more\" href=\"https:\/\/luminvolt.com\/de\/voltpack\/\" aria-label=\"Mehr Informationen \u00fcber VoltPack\">Die Energiewelt durchl\u00e4uft eine leise Revolution. Jahrzehntelang war Solarenergie nur f\u00fcr Hauseigent\u00fcmer mit gro\u00dfen Dachfl\u00e4chen und einem erheblichen Budget zug\u00e4nglich. Heute hat das Balkon-Solar-System (auch als plug-and-play Solar-System bezeichnet) den Zugang zu erneuerbarer Energie demokratisiert und erm\u00f6glicht es Mietern von Wohnungen und Stadtbewohnern ...<\/a><\/p>","protected":false},"author":1,"featured_media":0,"parent":0,"menu_order":0,"comment_status":"closed","ping_status":"closed","template":"","meta":{"footnotes":""},"class_list":["post-70","page","type-page","status-publish"],"yoast_head":"<!-- This site is optimized with the Yoast SEO Premium plugin v26.3 (Yoast SEO v27.4) - https:\/\/yoast.com\/product\/yoast-seo-premium-wordpress\/ -->\n<title>VoltPack - LuminVolt<\/title>\n<meta name=\"description\" content=\"Upgrade grid reliability with VoltPack Large Container Energy Storage Systems. 2.2MWh LFP battery, robust liquid cooling, and intelligent EMS integration.\" \/>\n<meta name=\"robots\" content=\"index, follow, max-snippet:-1, max-image-preview:large, max-video-preview:-1\" \/>\n<link rel=\"canonical\" href=\"https:\/\/luminvolt.com\/de\/voltpack\/\" \/>\n<meta property=\"og:locale\" content=\"de_DE\" \/>\n<meta property=\"og:type\" content=\"article\" \/>\n<meta property=\"og:title\" content=\"VoltPack\" \/>\n<meta property=\"og:description\" content=\"Upgrade grid reliability with VoltPack Large Container Energy Storage Systems. 2.2MWh LFP battery, robust liquid cooling, and intelligent EMS integration.\" \/>\n<meta property=\"og:url\" content=\"https:\/\/luminvolt.com\/de\/voltpack\/\" \/>\n<meta property=\"og:site_name\" content=\"LuminVolt\" \/>\n<meta property=\"article:modified_time\" content=\"2026-02-25T08:28:21+00:00\" \/>\n<meta property=\"og:image\" content=\"https:\/\/luminvolt.com\/wp-content\/uploads\/2024\/12\/Large-Energy-Storage-System.webp\" \/>\n<meta name=\"twitter:card\" content=\"summary_large_image\" \/>\n<meta name=\"twitter:label1\" content=\"Gesch\u00e4tzte Lesezeit\" \/>\n\t<meta name=\"twitter:data1\" content=\"3\u00a0Minuten\" \/>\n<script type=\"application\/ld+json\" class=\"yoast-schema-graph\">{\"@context\":\"https:\\\/\\\/schema.org\",\"@graph\":[{\"@type\":\"WebPage\",\"@id\":\"https:\\\/\\\/luminvolt.com\\\/voltpack\\\/\",\"url\":\"https:\\\/\\\/luminvolt.com\\\/voltpack\\\/\",\"name\":\"VoltPack - LuminVolt\",\"isPartOf\":{\"@id\":\"https:\\\/\\\/luminvolt.com\\\/#website\"},\"primaryImageOfPage\":{\"@id\":\"https:\\\/\\\/luminvolt.com\\\/voltpack\\\/#primaryimage\"},\"image\":{\"@id\":\"https:\\\/\\\/luminvolt.com\\\/voltpack\\\/#primaryimage\"},\"thumbnailUrl\":\"https:\\\/\\\/luminvolt.com\\\/wp-content\\\/uploads\\\/2024\\\/12\\\/Large-Energy-Storage-System.webp\",\"datePublished\":\"2024-12-29T02:42:31+00:00\",\"dateModified\":\"2026-02-25T08:28:21+00:00\",\"description\":\"Upgrade grid reliability with VoltPack Large Container Energy Storage Systems. 2.2MWh LFP battery, robust liquid cooling, and intelligent EMS integration.\",\"breadcrumb\":{\"@id\":\"https:\\\/\\\/luminvolt.com\\\/voltpack\\\/#breadcrumb\"},\"inLanguage\":\"de\",\"potentialAction\":[{\"@type\":\"ReadAction\",\"target\":[\"https:\\\/\\\/luminvolt.com\\\/voltpack\\\/\"]}]},{\"@type\":\"ImageObject\",\"inLanguage\":\"de\",\"@id\":\"https:\\\/\\\/luminvolt.com\\\/voltpack\\\/#primaryimage\",\"url\":\"https:\\\/\\\/luminvolt.com\\\/wp-content\\\/uploads\\\/2024\\\/12\\\/Large-Energy-Storage-System.webp\",\"contentUrl\":\"https:\\\/\\\/luminvolt.com\\\/wp-content\\\/uploads\\\/2024\\\/12\\\/Large-Energy-Storage-System.webp\"},{\"@type\":\"BreadcrumbList\",\"@id\":\"https:\\\/\\\/luminvolt.com\\\/voltpack\\\/#breadcrumb\",\"itemListElement\":[{\"@type\":\"ListItem\",\"position\":1,\"name\":\"Home\",\"item\":\"https:\\\/\\\/luminvolt.com\\\/\"},{\"@type\":\"ListItem\",\"position\":2,\"name\":\"VoltPack\"}]},{\"@type\":\"WebSite\",\"@id\":\"https:\\\/\\\/luminvolt.com\\\/#website\",\"url\":\"https:\\\/\\\/luminvolt.com\\\/\",\"name\":\"LuminVolt\",\"description\":\"Your Partner in Advanced Solar Mounting System&amp; Energy Storage\",\"publisher\":{\"@id\":\"https:\\\/\\\/luminvolt.com\\\/#organization\"},\"potentialAction\":[{\"@type\":\"SearchAction\",\"target\":{\"@type\":\"EntryPoint\",\"urlTemplate\":\"https:\\\/\\\/luminvolt.com\\\/?s={search_term_string}\"},\"query-input\":{\"@type\":\"PropertyValueSpecification\",\"valueRequired\":true,\"valueName\":\"search_term_string\"}}],\"inLanguage\":\"de\"},{\"@type\":\"Organization\",\"@id\":\"https:\\\/\\\/luminvolt.com\\\/#organization\",\"name\":\"LuminVolt\",\"url\":\"https:\\\/\\\/luminvolt.com\\\/\",\"logo\":{\"@type\":\"ImageObject\",\"inLanguage\":\"de\",\"@id\":\"https:\\\/\\\/luminvolt.com\\\/#\\\/schema\\\/logo\\\/image\\\/\",\"url\":\"https:\\\/\\\/luminvolt.com\\\/wp-content\\\/uploads\\\/2024\\\/12\\\/LuminVolt-02.webp\",\"contentUrl\":\"https:\\\/\\\/luminvolt.com\\\/wp-content\\\/uploads\\\/2024\\\/12\\\/LuminVolt-02.webp\",\"width\":512,\"height\":512,\"caption\":\"LuminVolt\"},\"image\":{\"@id\":\"https:\\\/\\\/luminvolt.com\\\/#\\\/schema\\\/logo\\\/image\\\/\"}}]}<\/script>\n<!-- \/ Yoast SEO Premium plugin. -->","yoast_head_json":{"title":"VoltPack - LuminVolt","description":"Erh\u00f6hen Sie die Netzzuverl\u00e4ssigkeit mit VoltPack Large Container Energy Storage Systems. 2.2MWh LFP-Batterie, robuster Fl\u00fcssigk\u00fchlung und intelligente EMS-Integration.","robots":{"index":"index","follow":"follow","max-snippet":"max-snippet:-1","max-image-preview":"max-image-preview:large","max-video-preview":"max-video-preview:-1"},"canonical":"https:\/\/luminvolt.com\/de\/voltpack\/","og_locale":"de_DE","og_type":"article","og_title":"VoltPack","og_description":"Upgrade grid reliability with VoltPack Large Container Energy Storage Systems. 2.2MWh LFP battery, robust liquid cooling, and intelligent EMS integration.","og_url":"https:\/\/luminvolt.com\/de\/voltpack\/","og_site_name":"LuminVolt","article_modified_time":"2026-02-25T08:28:21+00:00","og_image":[{"url":"https:\/\/luminvolt.com\/wp-content\/uploads\/2024\/12\/Large-Energy-Storage-System.webp","type":"","width":"","height":""}],"twitter_card":"summary_large_image","twitter_misc":{"Gesch\u00e4tzte Lesezeit":"3\u00a0Minuten"},"schema":{"@context":"https:\/\/schema.org","@graph":[{"@type":"WebPage","@id":"https:\/\/luminvolt.com\/voltpack\/","url":"https:\/\/luminvolt.com\/voltpack\/","name":"VoltPack - LuminVolt","isPartOf":{"@id":"https:\/\/luminvolt.com\/#website"},"primaryImageOfPage":{"@id":"https:\/\/luminvolt.com\/voltpack\/#primaryimage"},"image":{"@id":"https:\/\/luminvolt.com\/voltpack\/#primaryimage"},"thumbnailUrl":"https:\/\/luminvolt.com\/wp-content\/uploads\/2024\/12\/Large-Energy-Storage-System.webp","datePublished":"2024-12-29T02:42:31+00:00","dateModified":"2026-02-25T08:28:21+00:00","description":"Erh\u00f6hen Sie die Netzzuverl\u00e4ssigkeit mit VoltPack Large Container Energy Storage Systems. 2.2MWh LFP-Batterie, robuster Fl\u00fcssigk\u00fchlung und intelligente EMS-Integration.","breadcrumb":{"@id":"https:\/\/luminvolt.com\/voltpack\/#breadcrumb"},"inLanguage":"de","potentialAction":[{"@type":"ReadAction","target":["https:\/\/luminvolt.com\/voltpack\/"]}]},{"@type":"ImageObject","inLanguage":"de","@id":"https:\/\/luminvolt.com\/voltpack\/#primaryimage","url":"https:\/\/luminvolt.com\/wp-content\/uploads\/2024\/12\/Large-Energy-Storage-System.webp","contentUrl":"https:\/\/luminvolt.com\/wp-content\/uploads\/2024\/12\/Large-Energy-Storage-System.webp"},{"@type":"BreadcrumbList","@id":"https:\/\/luminvolt.com\/voltpack\/#breadcrumb","itemListElement":[{"@type":"ListItem","position":1,"name":"Home","item":"https:\/\/luminvolt.com\/"},{"@type":"ListItem","position":2,"name":"VoltPack"}]},{"@type":"WebSite","@id":"https:\/\/luminvolt.com\/#website","url":"https:\/\/luminvolt.com\/","name":"LuminVolt","description":"Ihr Partner f\u00fcr fortschrittliche Solarhalterungssysteme &amp; Energiespeicherung","publisher":{"@id":"https:\/\/luminvolt.com\/#organization"},"potentialAction":[{"@type":"SearchAction","target":{"@type":"EntryPoint","urlTemplate":"https:\/\/luminvolt.com\/?s={search_term_string}"},"query-input":{"@type":"PropertyValueSpecification","valueRequired":true,"valueName":"search_term_string"}}],"inLanguage":"de"},{"@type":"Organization","@id":"https:\/\/luminvolt.com\/#organization","name":"LuminVolt","url":"https:\/\/luminvolt.com\/","logo":{"@type":"ImageObject","inLanguage":"de","@id":"https:\/\/luminvolt.com\/#\/schema\/logo\/image\/","url":"https:\/\/luminvolt.com\/wp-content\/uploads\/2024\/12\/LuminVolt-02.webp","contentUrl":"https:\/\/luminvolt.com\/wp-content\/uploads\/2024\/12\/LuminVolt-02.webp","width":512,"height":512,"caption":"LuminVolt"},"image":{"@id":"https:\/\/luminvolt.com\/#\/schema\/logo\/image\/"}}]}},"_links":{"self":[{"href":"https:\/\/luminvolt.com\/de\/wp-json\/wp\/v2\/pages\/70","targetHints":{"allow":["GET"]}}],"collection":[{"href":"https:\/\/luminvolt.com\/de\/wp-json\/wp\/v2\/pages"}],"about":[{"href":"https:\/\/luminvolt.com\/de\/wp-json\/wp\/v2\/types\/page"}],"author":[{"embeddable":true,"href":"https:\/\/luminvolt.com\/de\/wp-json\/wp\/v2\/users\/1"}],"replies":[{"embeddable":true,"href":"https:\/\/luminvolt.com\/de\/wp-json\/wp\/v2\/comments?post=70"}],"version-history":[{"count":0,"href":"https:\/\/luminvolt.com\/de\/wp-json\/wp\/v2\/pages\/70\/revisions"}],"wp:attachment":[{"href":"https:\/\/luminvolt.com\/de\/wp-json\/wp\/v2\/media?parent=70"}],"curies":[{"name":"Web-Plattform","href":"https:\/\/api.w.org\/{rel}","templated":true}]}}